{"id":1409,"date":"2018-05-29T11:43:12","date_gmt":"2018-05-29T08:43:12","guid":{"rendered":"https:\/\/juristid24.ee\/about-us\/"},"modified":"2024-12-18T18:32:03","modified_gmt":"2024-12-18T16:32:03","slug":"about-us","status":"publish","type":"page","link":"https:\/\/juristid24.ee\/en\/about-us\/","title":{"rendered":"About us"},"content":{"rendered":"\t\t<div data-elementor-type=\"wp-post\" data-elementor-id=\"1409\" class=\"elementor elementor-1409 elementor-113\">\n\t\t\t\t\t\t<section class=\"elementor-section elementor-top-section elementor-element elementor-element-69bb18d elementor-section-boxed elementor-section-height-default elementor-section-height-default\" data-id=\"69bb18d\" data-element_type=\"section\" data-settings=\"{&quot;jet_parallax_layout_list&quot;:[{&quot;_id&quot;:&quot;71723c2&quot;,&quot;jet_parallax_layout_speed&quot;:{&quot;unit&quot;:&quot;%&quot;,&quot;size&quot;:50,&quot;sizes&quot;:[]},&quot;jet_parallax_layout_image&quot;:{&quot;url&quot;:&quot;&quot;,&quot;id&quot;:&quot;&quot;,&quot;size&quot;:&quot;&quot;},&quot;jet_parallax_layout_image_tablet&quot;:{&quot;url&quot;:&quot;&quot;,&quot;id&quot;:&quot;&quot;,&quot;size&quot;:&quot;&quot;},&quot;jet_parallax_layout_image_mobile&quot;:{&quot;url&quot;:&quot;&quot;,&quot;id&quot;:&quot;&quot;,&quot;size&quot;:&quot;&quot;},&quot;jet_parallax_layout_type&quot;:&quot;scroll&quot;,&quot;jet_parallax_layout_direction&quot;:null,&quot;jet_parallax_layout_fx_direction&quot;:null,&quot;jet_parallax_layout_z_index&quot;:&quot;&quot;,&quot;jet_parallax_layout_bg_x&quot;:50,&quot;jet_parallax_layout_bg_x_tablet&quot;:&quot;&quot;,&quot;jet_parallax_layout_bg_x_mobile&quot;:&quot;&quot;,&quot;jet_parallax_layout_bg_y&quot;:50,&quot;jet_parallax_layout_bg_y_tablet&quot;:&quot;&quot;,&quot;jet_parallax_layout_bg_y_mobile&quot;:&quot;&quot;,&quot;jet_parallax_layout_bg_size&quot;:&quot;auto&quot;,&quot;jet_parallax_layout_bg_size_tablet&quot;:&quot;&quot;,&quot;jet_parallax_layout_bg_size_mobile&quot;:&quot;&quot;,&quot;jet_parallax_layout_animation_prop&quot;:&quot;transform&quot;,&quot;jet_parallax_layout_on&quot;:[&quot;desktop&quot;,&quot;tablet&quot;]}]}\">\n\t\t\t\t\t\t<div class=\"elementor-container elementor-column-gap-default\">\n\t\t\t\t\t<div class=\"elementor-column elementor-col-100 elementor-top-column elementor-element elementor-element-f46faf2\" data-id=\"f46faf2\" data-element_type=\"column\">\n\t\t\t<div class=\"elementor-widget-wrap elementor-element-populated\">\n\t\t\t\t\t\t<div class=\"elementor-element elementor-element-d881008 elementor-widget-divider--view-line elementor-widget elementor-widget-divider\" data-id=\"d881008\" data-element_type=\"widget\" data-widget_type=\"divider.default\">\n\t\t\t\t<div class=\"elementor-widget-container\">\n\t\t\t\t\t\t\t<div class=\"elementor-divider\">\n\t\t\t<span class=\"elementor-divider-separator\">\n\t\t\t\t\t\t<\/span>\n\t\t<\/div>\n\t\t\t\t\t\t<\/div>\n\t\t\t\t<\/div>\n\t\t\t\t<div class=\"elementor-element elementor-element-e6f5b4c elementor-widget elementor-widget-spacer\" data-id=\"e6f5b4c\" data-element_type=\"widget\" data-widget_type=\"spacer.default\">\n\t\t\t\t<div class=\"elementor-widget-container\">\n\t\t\t\t\t\t\t<div class=\"elementor-spacer\">\n\t\t\t<div class=\"elementor-spacer-inner\"><\/div>\n\t\t<\/div>\n\t\t\t\t\t\t<\/div>\n\t\t\t\t<\/div>\n\t\t\t\t<div class=\"elementor-element elementor-element-1205223 elementor-widget elementor-widget-spacer\" data-id=\"1205223\" data-element_type=\"widget\" data-widget_type=\"spacer.default\">\n\t\t\t\t<div class=\"elementor-widget-container\">\n\t\t\t\t\t\t\t<div class=\"elementor-spacer\">\n\t\t\t<div class=\"elementor-spacer-inner\"><\/div>\n\t\t<\/div>\n\t\t\t\t\t\t<\/div>\n\t\t\t\t<\/div>\n\t\t\t\t<div class=\"elementor-element elementor-element-03902ea elementor-position-left elementor-vertical-align-middle elementor-widget elementor-widget-image-box\" data-id=\"03902ea\" data-element_type=\"widget\" data-widget_type=\"image-box.default\">\n\t\t\t\t<div class=\"elementor-widget-container\">\n\t\t\t\t\t<div class=\"elementor-image-box-wrapper\"><figure class=\"elementor-image-box-img\"><img fetchpriority=\"high\" decoding=\"async\" width=\"1707\" height=\"2560\" src=\"https:\/\/juristid24.ee\/wp-content\/uploads\/2024\/10\/Jurist-Vassili-Magi-scaled.jpg\" class=\"attachment-full size-full wp-image-1110\" alt=\"\" srcset=\"https:\/\/juristid24.ee\/wp-content\/uploads\/2024\/10\/Jurist-Vassili-Magi-scaled.jpg 1707w, https:\/\/juristid24.ee\/wp-content\/uploads\/2024\/10\/Jurist-Vassili-Magi-200x300.jpg 200w, https:\/\/juristid24.ee\/wp-content\/uploads\/2024\/10\/Jurist-Vassili-Magi-683x1024.jpg 683w, https:\/\/juristid24.ee\/wp-content\/uploads\/2024\/10\/Jurist-Vassili-Magi-768x1152.jpg 768w, https:\/\/juristid24.ee\/wp-content\/uploads\/2024\/10\/Jurist-Vassili-Magi-1024x1536.jpg 1024w, https:\/\/juristid24.ee\/wp-content\/uploads\/2024\/10\/Jurist-Vassili-Magi-1365x2048.jpg 1365w, https:\/\/juristid24.ee\/wp-content\/uploads\/2024\/10\/Jurist-Vassili-Magi-600x900.jpg 600w\" sizes=\"(max-width: 1707px) 100vw, 1707px\" \/><\/figure><div class=\"elementor-image-box-content\"><h3 class=\"elementor-image-box-title\">Lawyer Vassili M\u00e4gi<\/h3><p class=\"elementor-image-box-description\">Master of Arts in Law<\/br>\n<\/br>EDUCATION:<\/br>\nTallinn University, Master of Arts in Law (MA)<\/br>                   \nTallinn University, Bachelor of Arts in Law (BA)<\/br>\n<\/br>WORK EXPERIENCE:<\/br>\n\u00d5igusb\u00fcroo MV O\u00dc starting from 2015\n<\/br>Harju County Court (traineeship)<\/br>\nPolice and Border Guard Board<\/br>\n<\/br>LANGUAGES:<\/br>\nEstonian<\/br>\nRussian<\/br>\n<\/br>MEMBERSHIP<\/br>                                                              \nEstonian Lawyers\u2019 Union <\/p><\/div><\/div>\t\t\t\t<\/div>\n\t\t\t\t<\/div>\n\t\t\t\t\t<\/div>\n\t\t<\/div>\n\t\t\t\t\t<\/div>\n\t\t<\/section>\n\t\t\t\t<section class=\"elementor-section elementor-top-section elementor-element elementor-element-e4f1314 elementor-section-boxed elementor-section-height-default elementor-section-height-default\" data-id=\"e4f1314\" data-element_type=\"section\" data-settings=\"{&quot;jet_parallax_layout_list&quot;:[{&quot;jet_parallax_layout_image&quot;:{&quot;url&quot;:&quot;&quot;,&quot;id&quot;:&quot;&quot;,&quot;size&quot;:&quot;&quot;},&quot;_id&quot;:&quot;7723d16&quot;,&quot;jet_parallax_layout_speed&quot;:{&quot;unit&quot;:&quot;%&quot;,&quot;size&quot;:50,&quot;sizes&quot;:[]},&quot;jet_parallax_layout_image_tablet&quot;:{&quot;url&quot;:&quot;&quot;,&quot;id&quot;:&quot;&quot;,&quot;size&quot;:&quot;&quot;},&quot;jet_parallax_layout_image_mobile&quot;:{&quot;url&quot;:&quot;&quot;,&quot;id&quot;:&quot;&quot;,&quot;size&quot;:&quot;&quot;},&quot;jet_parallax_layout_type&quot;:&quot;scroll&quot;,&quot;jet_parallax_layout_direction&quot;:null,&quot;jet_parallax_layout_fx_direction&quot;:null,&quot;jet_parallax_layout_z_index&quot;:&quot;&quot;,&quot;jet_parallax_layout_bg_x&quot;:50,&quot;jet_parallax_layout_bg_x_tablet&quot;:&quot;&quot;,&quot;jet_parallax_layout_bg_x_mobile&quot;:&quot;&quot;,&quot;jet_parallax_layout_bg_y&quot;:50,&quot;jet_parallax_layout_bg_y_tablet&quot;:&quot;&quot;,&quot;jet_parallax_layout_bg_y_mobile&quot;:&quot;&quot;,&quot;jet_parallax_layout_bg_size&quot;:&quot;auto&quot;,&quot;jet_parallax_layout_bg_size_tablet&quot;:&quot;&quot;,&quot;jet_parallax_layout_bg_size_mobile&quot;:&quot;&quot;,&quot;jet_parallax_layout_animation_prop&quot;:&quot;transform&quot;,&quot;jet_parallax_layout_on&quot;:[&quot;desktop&quot;,&quot;tablet&quot;]}],&quot;background_background&quot;:&quot;classic&quot;}\">\n\t\t\t\t\t\t<div class=\"elementor-container elementor-column-gap-default\">\n\t\t\t\t\t<div class=\"elementor-column elementor-col-100 elementor-top-column elementor-element elementor-element-06d45af\" data-id=\"06d45af\" data-element_type=\"column\">\n\t\t\t<div class=\"elementor-widget-wrap elementor-element-populated\">\n\t\t\t\t\t\t<div class=\"elementor-element elementor-element-f011242 elementor-widget-divider--view-line elementor-widget elementor-widget-divider\" data-id=\"f011242\" data-element_type=\"widget\" data-widget_type=\"divider.default\">\n\t\t\t\t<div class=\"elementor-widget-container\">\n\t\t\t\t\t\t\t<div class=\"elementor-divider\">\n\t\t\t<span class=\"elementor-divider-separator\">\n\t\t\t\t\t\t<\/span>\n\t\t<\/div>\n\t\t\t\t\t\t<\/div>\n\t\t\t\t<\/div>\n\t\t\t\t<div class=\"elementor-element elementor-element-82e5eee elementor-widget elementor-widget-heading\" data-id=\"82e5eee\" data-element_type=\"widget\" data-widget_type=\"heading.default\">\n\t\t\t\t<div class=\"elementor-widget-container\">\n\t\t\t\t\t<h1 class=\"elementor-heading-title elementor-size-default\">Contact us<\/h1>\t\t\t\t<\/div>\n\t\t\t\t<\/div>\n\t\t\t\t<div class=\"elementor-element elementor-element-7eac7e1 elementor-widget elementor-widget-spacer\" data-id=\"7eac7e1\" data-element_type=\"widget\" data-widget_type=\"spacer.default\">\n\t\t\t\t<div class=\"elementor-widget-container\">\n\t\t\t\t\t\t\t<div class=\"elementor-spacer\">\n\t\t\t<div class=\"elementor-spacer-inner\"><\/div>\n\t\t<\/div>\n\t\t\t\t\t\t<\/div>\n\t\t\t\t<\/div>\n\t\t\t\t<div class=\"elementor-element elementor-element-7f50f50 elementor-widget elementor-widget-contact-form-7\" data-id=\"7f50f50\" data-element_type=\"widget\" data-widget_type=\"contact-form-7.default\">\n\t\t\t\t<div class=\"elementor-widget-container\">\n\t\t\t\t\t<div class=\"elementor-contact-form-7 jet-elements\">\n<div class=\"wpcf7 no-js\" id=\"wpcf7-f1430-o1\" lang=\"en-US\" dir=\"ltr\" data-wpcf7-id=\"1430\">\n<div class=\"screen-reader-response\"><p role=\"status\" aria-live=\"polite\" aria-atomic=\"true\"><\/p> <ul><\/ul><\/div>\n<form action=\"\/en\/wp-json\/wp\/v2\/pages\/1409#wpcf7-f1430-o1\" method=\"post\" class=\"wpcf7-form init\" aria-label=\"Contact form\" novalidate=\"novalidate\" data-status=\"init\">\n<div style=\"display: none;\">\n<input type=\"hidden\" name=\"_wpcf7\" value=\"1430\" \/>\n<input type=\"hidden\" name=\"_wpcf7_version\" value=\"6.0.6\" \/>\n<input type=\"hidden\" name=\"_wpcf7_locale\" value=\"en_US\" \/>\n<input type=\"hidden\" name=\"_wpcf7_unit_tag\" value=\"wpcf7-f1430-o1\" \/>\n<input type=\"hidden\" name=\"_wpcf7_container_post\" value=\"0\" \/>\n<input type=\"hidden\" name=\"_wpcf7_posted_data_hash\" value=\"\" \/>\n<\/div>\n<div class=\"cf-container\">\n\t<div class=\"cf-col-4\">\n\t\t<p><label><span class=\"wpcf7-form-control-wrap\" data-name=\"your-name\"><input size=\"40\" maxlength=\"400\" class=\"wpcf7-form-control wpcf7-text wpcf7-validates-as-required\" aria-required=\"true\" aria-invalid=\"false\" placeholder=\"Name *\" value=\"\" type=\"text\" name=\"your-name\" \/><\/span><\/label>\n\t\t<\/p>\n\t<\/div>\n\t<div class=\"cf-col-4\">\n\t\t<p><label><span class=\"wpcf7-form-control-wrap\" data-name=\"your-email\"><input size=\"40\" maxlength=\"400\" class=\"wpcf7-form-control wpcf7-email wpcf7-validates-as-required wpcf7-text wpcf7-validates-as-email\" aria-required=\"true\" aria-invalid=\"false\" placeholder=\"E-mail *\" value=\"\" type=\"email\" name=\"your-email\" \/><\/span><\/label>\n\t\t<\/p>\n\t<\/div>\n\t<div class=\"cf-col-4\">\n\t\t<p><label><span class=\"wpcf7-form-control-wrap\" data-name=\"your-phone\"><input size=\"40\" maxlength=\"400\" class=\"wpcf7-form-control wpcf7-tel wpcf7-validates-as-required wpcf7-text wpcf7-validates-as-tel\" aria-required=\"true\" aria-invalid=\"false\" placeholder=\"Telephone *\" value=\"\" type=\"tel\" name=\"your-phone\" \/><\/span><\/label>\n\t\t<\/p>\n\t<\/div>\n\t<div class=\"cf-col-12\">\n\t\t<p><label><span class=\"wpcf7-form-control-wrap\" data-name=\"your-message\"><textarea cols=\"40\" rows=\"10\" maxlength=\"2000\" class=\"wpcf7-form-control wpcf7-textarea wpcf7-validates-as-required\" aria-required=\"true\" aria-invalid=\"false\" placeholder=\"Question *\" name=\"your-message\"><\/textarea><\/span><\/label>\n\t\t<\/p>\n\t<\/div>\n\t<div class=\"cf-col-12\">\n\t\t<div style=\"text-align:center;\">\n\t\t\t<p><input class=\"wpcf7-form-control wpcf7-submit has-spinner\" type=\"submit\" value=\"Send\" \/>\n\t\t\t<\/p>\n\t\t<\/div>\n\t<\/div>\n<\/div><div class=\"wpcf7-response-output\" aria-hidden=\"true\"><\/div>\n<\/form>\n<\/div>\n<\/div>\t\t\t\t<\/div>\n\t\t\t\t<\/div>\n\t\t\t\t\t<\/div>\n\t\t<\/div>\n\t\t\t\t\t<\/div>\n\t\t<\/section>\n\t\t\t\t<\/div>\n\t\t","protected":false},"excerpt":{"rendered":"<p>Lawyer Vassili M\u00e4gi Master of Arts in Law EDUCATION: Tallinn University, Master of Arts in Law (MA) Tallinn University, Bachelor of Arts in Law (BA) WORK EXPERIENCE: \u00d5igusb\u00fcroo MV O\u00dc starting from 2015 Harju County Court (traineeship) Police and Border Guard Board LANGUAGES: Estonian Russian MEMBERSHIP Estonian Lawyers\u2019 Union Contact us<\/p>\n","protected":false},"author":8,"featured_media":0,"parent":0,"menu_order":0,"comment_status":"closed","ping_status":"closed","template":"elementor_header_footer","meta":{"footnotes":""},"class_list":["post-1409","page","type-page","status-publish","hentry"],"yoast_head":"<!-- This site is optimized with the Yoast SEO plugin v25.2 - https:\/\/yoast.com\/wordpress\/plugins\/seo\/ -->\n<title>About us - Juristid24<\/title>\n<meta name=\"robots\" content=\"index, follow, max-snippet:-1, max-image-preview:large, max-video-preview:-1\" \/>\n<link rel=\"canonical\" href=\"https:\/\/xn--igusbroomv-1bb3g.ee\/meist\/\" \/>\n<meta property=\"og:locale\" content=\"en_US\" \/>\n<meta property=\"og:type\" content=\"article\" \/>\n<meta property=\"og:title\" content=\"About us - Juristid24\" \/>\n<meta property=\"og:description\" content=\"Lawyer Vassili M\u00e4gi Master of Arts in Law EDUCATION: Tallinn University, Master of Arts in Law (MA) Tallinn University, Bachelor of Arts in Law (BA) WORK EXPERIENCE: \u00d5igusb\u00fcroo MV O\u00dc starting from 2015 Harju County Court (traineeship) Police and Border Guard Board LANGUAGES: Estonian Russian MEMBERSHIP Estonian Lawyers\u2019 Union Contact us\" \/>\n<meta property=\"og:url\" content=\"https:\/\/xn--igusbroomv-1bb3g.ee\/meist\/\" \/>\n<meta property=\"og:site_name\" content=\"Juristid24\" \/>\n<meta property=\"article:modified_time\" content=\"2024-12-18T16:32:03+00:00\" \/>\n<meta property=\"og:image\" content=\"https:\/\/juristid24.ee\/wp-content\/uploads\/2024\/10\/Jurist-Vassili-Magi-scaled.jpg\" \/>\n\t<meta property=\"og:image:width\" content=\"1707\" \/>\n\t<meta property=\"og:image:height\" content=\"2560\" \/>\n\t<meta property=\"og:image:type\" content=\"image\/jpeg\" \/>\n<meta name=\"twitter:card\" content=\"summary_large_image\" \/>\n<meta name=\"twitter:label1\" content=\"Est. reading time\" \/>\n\t<meta name=\"twitter:data1\" content=\"1 minute\" \/>\n<script type=\"application\/ld+json\" class=\"yoast-schema-graph\">{\"@context\":\"https:\/\/schema.org\",\"@graph\":[{\"@type\":\"WebPage\",\"@id\":\"https:\/\/xn--igusbroomv-1bb3g.ee\/meist\/\",\"url\":\"https:\/\/xn--igusbroomv-1bb3g.ee\/meist\/\",\"name\":\"About us - Juristid24\",\"isPartOf\":{\"@id\":\"https:\/\/juristid24.ee\/#website\"},\"primaryImageOfPage\":{\"@id\":\"https:\/\/xn--igusbroomv-1bb3g.ee\/meist\/#primaryimage\"},\"image\":{\"@id\":\"https:\/\/xn--igusbroomv-1bb3g.ee\/meist\/#primaryimage\"},\"thumbnailUrl\":\"https:\/\/juristid24.ee\/wp-content\/uploads\/2024\/10\/Jurist-Vassili-Magi-scaled.jpg\",\"datePublished\":\"2018-05-29T08:43:12+00:00\",\"dateModified\":\"2024-12-18T16:32:03+00:00\",\"breadcrumb\":{\"@id\":\"https:\/\/xn--igusbroomv-1bb3g.ee\/meist\/#breadcrumb\"},\"inLanguage\":\"en-US\",\"potentialAction\":[{\"@type\":\"ReadAction\",\"target\":[\"https:\/\/xn--igusbroomv-1bb3g.ee\/meist\/\"]}]},{\"@type\":\"ImageObject\",\"inLanguage\":\"en-US\",\"@id\":\"https:\/\/xn--igusbroomv-1bb3g.ee\/meist\/#primaryimage\",\"url\":\"https:\/\/juristid24.ee\/wp-content\/uploads\/2024\/10\/Jurist-Vassili-Magi-scaled.jpg\",\"contentUrl\":\"https:\/\/juristid24.ee\/wp-content\/uploads\/2024\/10\/Jurist-Vassili-Magi-scaled.jpg\"},{\"@type\":\"BreadcrumbList\",\"@id\":\"https:\/\/xn--igusbroomv-1bb3g.ee\/meist\/#breadcrumb\",\"itemListElement\":[{\"@type\":\"ListItem\",\"position\":1,\"name\":\"Home\",\"item\":\"https:\/\/xn--igusbroomv-1bb3g.ee\/en\/\"},{\"@type\":\"ListItem\",\"position\":2,\"name\":\"About us\"}]},{\"@type\":\"WebSite\",\"@id\":\"https:\/\/juristid24.ee\/#website\",\"url\":\"https:\/\/juristid24.ee\/\",\"name\":\"Juristid24\",\"description\":\"Kiire ja personaalne l\u00e4henemine igale kliendile.\",\"publisher\":{\"@id\":\"https:\/\/juristid24.ee\/#organization\"},\"potentialAction\":[{\"@type\":\"SearchAction\",\"target\":{\"@type\":\"EntryPoint\",\"urlTemplate\":\"https:\/\/juristid24.ee\/?s={search_term_string}\"},\"query-input\":{\"@type\":\"PropertyValueSpecification\",\"valueRequired\":true,\"valueName\":\"search_term_string\"}}],\"inLanguage\":\"en-US\"},{\"@type\":\"Organization\",\"@id\":\"https:\/\/juristid24.ee\/#organization\",\"name\":\"Juristid24\",\"url\":\"https:\/\/juristid24.ee\/\",\"logo\":{\"@type\":\"ImageObject\",\"inLanguage\":\"en-US\",\"@id\":\"https:\/\/juristid24.ee\/#\/schema\/logo\/image\/\",\"url\":\"https:\/\/juristid24.ee\/wp-content\/uploads\/2018\/05\/cropped-oigusburoo-logo-1.png\",\"contentUrl\":\"https:\/\/juristid24.ee\/wp-content\/uploads\/2018\/05\/cropped-oigusburoo-logo-1.png\",\"width\":518,\"height\":57,\"caption\":\"Juristid24\"},\"image\":{\"@id\":\"https:\/\/juristid24.ee\/#\/schema\/logo\/image\/\"}}]}<\/script>\n<!-- \/ Yoast SEO plugin. -->","yoast_head_json":{"title":"About us - Juristid24","robots":{"index":"index","follow":"follow","max-snippet":"max-snippet:-1","max-image-preview":"max-image-preview:large","max-video-preview":"max-video-preview:-1"},"canonical":"https:\/\/xn--igusbroomv-1bb3g.ee\/meist\/","og_locale":"en_US","og_type":"article","og_title":"About us - Juristid24","og_description":"Lawyer Vassili M\u00e4gi Master of Arts in Law EDUCATION: Tallinn University, Master of Arts in Law (MA) Tallinn University, Bachelor of Arts in Law (BA) WORK EXPERIENCE: \u00d5igusb\u00fcroo MV O\u00dc starting from 2015 Harju County Court (traineeship) Police and Border Guard Board LANGUAGES: Estonian Russian MEMBERSHIP Estonian Lawyers\u2019 Union Contact us","og_url":"https:\/\/xn--igusbroomv-1bb3g.ee\/meist\/","og_site_name":"Juristid24","article_modified_time":"2024-12-18T16:32:03+00:00","og_image":[{"width":1707,"height":2560,"url":"https:\/\/juristid24.ee\/wp-content\/uploads\/2024\/10\/Jurist-Vassili-Magi-scaled.jpg","type":"image\/jpeg"}],"twitter_card":"summary_large_image","twitter_misc":{"Est. reading time":"1 minute"},"schema":{"@context":"https:\/\/schema.org","@graph":[{"@type":"WebPage","@id":"https:\/\/xn--igusbroomv-1bb3g.ee\/meist\/","url":"https:\/\/xn--igusbroomv-1bb3g.ee\/meist\/","name":"About us - Juristid24","isPartOf":{"@id":"https:\/\/juristid24.ee\/#website"},"primaryImageOfPage":{"@id":"https:\/\/xn--igusbroomv-1bb3g.ee\/meist\/#primaryimage"},"image":{"@id":"https:\/\/xn--igusbroomv-1bb3g.ee\/meist\/#primaryimage"},"thumbnailUrl":"https:\/\/juristid24.ee\/wp-content\/uploads\/2024\/10\/Jurist-Vassili-Magi-scaled.jpg","datePublished":"2018-05-29T08:43:12+00:00","dateModified":"2024-12-18T16:32:03+00:00","breadcrumb":{"@id":"https:\/\/xn--igusbroomv-1bb3g.ee\/meist\/#breadcrumb"},"inLanguage":"en-US","potentialAction":[{"@type":"ReadAction","target":["https:\/\/xn--igusbroomv-1bb3g.ee\/meist\/"]}]},{"@type":"ImageObject","inLanguage":"en-US","@id":"https:\/\/xn--igusbroomv-1bb3g.ee\/meist\/#primaryimage","url":"https:\/\/juristid24.ee\/wp-content\/uploads\/2024\/10\/Jurist-Vassili-Magi-scaled.jpg","contentUrl":"https:\/\/juristid24.ee\/wp-content\/uploads\/2024\/10\/Jurist-Vassili-Magi-scaled.jpg"},{"@type":"BreadcrumbList","@id":"https:\/\/xn--igusbroomv-1bb3g.ee\/meist\/#breadcrumb","itemListElement":[{"@type":"ListItem","position":1,"name":"Home","item":"https:\/\/xn--igusbroomv-1bb3g.ee\/en\/"},{"@type":"ListItem","position":2,"name":"About us"}]},{"@type":"WebSite","@id":"https:\/\/juristid24.ee\/#website","url":"https:\/\/juristid24.ee\/","name":"Juristid24","description":"Kiire ja personaalne l\u00e4henemine igale kliendile.","publisher":{"@id":"https:\/\/juristid24.ee\/#organization"},"potentialAction":[{"@type":"SearchAction","target":{"@type":"EntryPoint","urlTemplate":"https:\/\/juristid24.ee\/?s={search_term_string}"},"query-input":{"@type":"PropertyValueSpecification","valueRequired":true,"valueName":"search_term_string"}}],"inLanguage":"en-US"},{"@type":"Organization","@id":"https:\/\/juristid24.ee\/#organization","name":"Juristid24","url":"https:\/\/juristid24.ee\/","logo":{"@type":"ImageObject","inLanguage":"en-US","@id":"https:\/\/juristid24.ee\/#\/schema\/logo\/image\/","url":"https:\/\/juristid24.ee\/wp-content\/uploads\/2018\/05\/cropped-oigusburoo-logo-1.png","contentUrl":"https:\/\/juristid24.ee\/wp-content\/uploads\/2018\/05\/cropped-oigusburoo-logo-1.png","width":518,"height":57,"caption":"Juristid24"},"image":{"@id":"https:\/\/juristid24.ee\/#\/schema\/logo\/image\/"}}]}},"_links":{"self":[{"href":"https:\/\/juristid24.ee\/en\/wp-json\/wp\/v2\/pages\/1409","targetHints":{"allow":["GET"]}}],"collection":[{"href":"https:\/\/juristid24.ee\/en\/wp-json\/wp\/v2\/pages"}],"about":[{"href":"https:\/\/juristid24.ee\/en\/wp-json\/wp\/v2\/types\/page"}],"author":[{"embeddable":true,"href":"https:\/\/juristid24.ee\/en\/wp-json\/wp\/v2\/users\/8"}],"replies":[{"embeddable":true,"href":"https:\/\/juristid24.ee\/en\/wp-json\/wp\/v2\/comments?post=1409"}],"version-history":[{"count":23,"href":"https:\/\/juristid24.ee\/en\/wp-json\/wp\/v2\/pages\/1409\/revisions"}],"predecessor-version":[{"id":1976,"href":"https:\/\/juristid24.ee\/en\/wp-json\/wp\/v2\/pages\/1409\/revisions\/1976"}],"wp:attachment":[{"href":"https:\/\/juristid24.ee\/en\/wp-json\/wp\/v2\/media?parent=1409"}],"curies":[{"name":"wp","href":"https:\/\/api.w.org\/{rel}","templated":true}]}}